{"id":2798,"date":"2018-05-14T15:39:13","date_gmt":"2018-05-14T13:39:13","guid":{"rendered":"https:\/\/www.domainesaintamant.com\/demande-de-donnees-personnelles\/"},"modified":"2025-11-05T15:23:38","modified_gmt":"2025-11-05T14:23:38","slug":"demande-de-donnees-personnelles","status":"publish","type":"page","link":"https:\/\/www.domainesaintamant.com\/en\/demande-de-donnees-personnelles\/","title":{"rendered":"Personnal data request"},"content":{"rendered":"<div id='layer_slider_1'  class='avia-layerslider main_color avia-shadow  avia-builder-el-0  el_before_av_section  avia-builder-el-first  container_wrap fullsize'  style='height: 151px;'  >\n<script data-cfasync=\"false\" type=\"text\/javascript\">var lsjQuery = jQuery;<\/script>\n<script data-cfasync=\"false\" type=\"text\/javascript\">\nlsjQuery(document).ready(function() {\nif(typeof lsjQuery.fn.layerSlider == \"undefined\") { lsShowNotice('layerslider_5','jquery'); }\nelse {\nlsjQuery(\"#layerslider_5\").layerSlider({pauseOnHover: false, firstSlide: 'random', randomSlideshow: true, skin: 'noskin', navPrevNext: false, hoverPrevNext: false, navStartStop: false, navButtons: false, showCircleTimer: false, autoPlayVideos: false, imgPreload: false, lazyLoad: false, skinsPath: 'https:\/\/www.domainesaintamant.com\/wp-content\/plugins\/LayerSlider\/static\/skins\/'})\n}\n});\n<\/script>\n<div class=\"ls-wp-fullwidth-container\" style=\"height:150px;\"><div class=\"ls-wp-fullwidth-helper\"><div id=\"layerslider_5\" class=\"ls-wp-container\" style=\"width:100%;height:150px;margin:0 auto;margin-bottom: 0px;\"><div class=\"ls-slide\" data-ls=\"transition2d:5;\"><img decoding=\"async\" src=\"https:\/\/www.domainesaintamant.com\/wp-content\/uploads\/ER1A0262-cropped1-e1545240032797.jpg\" class=\"ls-bg\" alt=\"ER1A0262 cropped1\" \/><\/div><div class=\"ls-slide\" data-ls=\"transition2d:5;\"><img decoding=\"async\" src=\"https:\/\/www.domainesaintamant.com\/wp-content\/uploads\/ER1A8217-cropped-e1545239980606.jpg\" class=\"ls-bg\" alt=\"ER1A8217 cropped\" \/><\/div><div class=\"ls-slide\" data-ls=\"transition2d:5;\"><img decoding=\"async\" src=\"https:\/\/www.domainesaintamant.com\/wp-content\/uploads\/ER1A8604-cropped2-e1545239931584.jpg\" class=\"ls-bg\" alt=\"ER1A8604 cropped2\" \/><\/div><div class=\"ls-slide\" data-ls=\"transition2d:5;\"><img decoding=\"async\" src=\"https:\/\/www.domainesaintamant.com\/wp-content\/uploads\/ER1A8672-cropped-e1545238703542.jpg\" class=\"ls-bg\" alt=\"ER1A8672 cropped\" \/><\/div><div class=\"ls-slide\" data-ls=\"transition2d:5;\"><img decoding=\"async\" src=\"https:\/\/www.domainesaintamant.com\/wp-content\/uploads\/ER1A0520-cropped-e1545239232633.jpg\" class=\"ls-bg\" alt=\"ER1A0520 cropped\" \/><\/div><div class=\"ls-slide\" data-ls=\"transition2d:5;\"><img decoding=\"async\" src=\"https:\/\/www.domainesaintamant.com\/wp-content\/uploads\/ER1A8639-cropped-e1545239806524.jpg\" class=\"ls-bg\" alt=\"ER1A8639 cropped\" \/><\/div><div class=\"ls-slide\" data-ls=\"transition2d:5;\"><img decoding=\"async\" src=\"https:\/\/www.domainesaintamant.com\/wp-content\/uploads\/ER1A9015-cropped-e1545239762211.jpg\" class=\"ls-bg\" alt=\"ER1A9015 cropped\" \/><\/div><div class=\"ls-slide\" data-ls=\"transition2d:5;\"><img decoding=\"async\" src=\"https:\/\/www.domainesaintamant.com\/wp-content\/uploads\/ER1A8953-cropped-e1545239647724.jpg\" class=\"ls-bg\" alt=\"ER1A8953 cropped\" \/><\/div><div class=\"ls-slide\" data-ls=\"transition2d:5;\"><img decoding=\"async\" src=\"https:\/\/www.domainesaintamant.com\/wp-content\/uploads\/IMG_2438-cropped2-e1545239699479.jpg\" class=\"ls-bg\" alt=\"IMG_2438 &#8211; cropped2\" \/><\/div><div class=\"ls-slide\" data-ls=\"transition2d:5;\"><img decoding=\"async\" src=\"https:\/\/www.domainesaintamant.com\/wp-content\/uploads\/ER1A0262@2x-cropped-e1545239600143.jpg\" class=\"ls-bg\" alt=\"ER1A0262@2x cropped\" \/><\/div><div class=\"ls-slide\" data-ls=\"transition2d:5;\"><img decoding=\"async\" src=\"https:\/\/www.domainesaintamant.com\/wp-content\/uploads\/ER1A8828-cropped-e1545239489535.jpg\" class=\"ls-bg\" alt=\"ER1A8828 cropped\" \/><\/div><div class=\"ls-slide\" data-ls=\"transition2d:5;\"><img decoding=\"async\" src=\"https:\/\/www.domainesaintamant.com\/wp-content\/uploads\/ER1A0066-cropped-e1545239450762.jpg\" class=\"ls-bg\" alt=\"ER1A0066 cropped\" \/><\/div><div class=\"ls-slide\" data-ls=\"transition2d:5;\"><img decoding=\"async\" src=\"https:\/\/www.domainesaintamant.com\/wp-content\/uploads\/ER1A0442-cropped2-e1545239403747.jpg\" class=\"ls-bg\" alt=\"ER1A0442 cropped2\" \/><\/div><div class=\"ls-slide\" data-ls=\"transition2d:5;\"><img decoding=\"async\" src=\"https:\/\/www.domainesaintamant.com\/wp-content\/uploads\/ER1A8936-cropped-e1545239077578.jpg\" class=\"ls-bg\" alt=\"ER1A8936 cropped\" \/><\/div><div class=\"ls-slide\" data-ls=\"transition2d:5;\"><img decoding=\"async\" src=\"https:\/\/www.domainesaintamant.com\/wp-content\/uploads\/ER1A8770-cropped-e1545239010447.jpg\" class=\"ls-bg\" alt=\"ER1A8770 cropped\" \/><\/div><div class=\"ls-slide\" data-ls=\"transition2d:5;\"><img decoding=\"async\" src=\"https:\/\/www.domainesaintamant.com\/wp-content\/uploads\/ER1A8455-cropped-e1545238946766.jpg\" class=\"ls-bg\" alt=\"ER1A8455 cropped\" \/><\/div><div class=\"ls-slide\" data-ls=\"transition2d:5;\"><img decoding=\"async\" src=\"https:\/\/www.domainesaintamant.com\/wp-content\/uploads\/ER1A8604-cropped3-e1545240838796.jpg\" class=\"ls-bg\" alt=\"ER1A8604 cropped3\" \/><\/div><\/div><\/div><\/div><\/div>\n<div id='av_section_1'  class='avia-section av-2leyyx-1a0c7a89b2c0441fdf0a13d3fa36cb00 main_color avia-section-default avia-no-border-styling  avia-builder-el-1  el_after_av_layerslider  avia-builder-el-last  avia-bg-style-scroll container_wrap fullsize'  ><div class='container av-section-cont-open' ><div class='template-page content  av-content-full alpha units'><div class='post-entry post-entry-type-page post-entry-2798'><div class='entry-content-wrapper clearfix'>\n\n<style type=\"text\/css\" data-created_by=\"avia_inline_auto\" id=\"style-css-av-av_heading-884e96c28daad3bdc9e394c8f22da544\">\n#top .av-special-heading.av-av_heading-884e96c28daad3bdc9e394c8f22da544{\npadding-bottom:10px;\n}\nbody .av-special-heading.av-av_heading-884e96c28daad3bdc9e394c8f22da544 .av-special-heading-tag .heading-char{\nfont-size:25px;\n}\n.av-special-heading.av-av_heading-884e96c28daad3bdc9e394c8f22da544 .av-subheading{\nfont-size:15px;\n}\n<\/style>\n<div  class='av-special-heading av-av_heading-884e96c28daad3bdc9e394c8f22da544 av-special-heading-h1 blockquote modern-quote modern-centered  avia-builder-el-2  el_before_av_textblock  avia-builder-el-first '><h1 class='av-special-heading-tag '  itemprop=\"headline\"  >Personnal data request<\/h1><div class=\"special-heading-border\"><div class=\"special-heading-inner-border\"><\/div><\/div><\/div>\n<section  class='av_textblock_section av-jh7gzkku-891e7bfa204f7f941ef6932077c1e33b '   itemscope=\"itemscope\" itemtype=\"https:\/\/schema.org\/CreativeWork\" ><div class='avia_textblock'  itemprop=\"text\" ><p>This form allows you to request to see all the data we have linked to a specific email address. After sending the request, you will get an email with a link&nbsp;; it is only valid for 24h, and has to be visited from the same IP address and with the same browser used to make the request. On the page, you will be able to peruse the data and ask some or all of it to become anonymous.<\/p>\n<\/div><\/section>\n\n<style type=\"text\/css\" data-created_by=\"avia_inline_auto\" id=\"style-css-av-jh6ansqk-255482907f0beb2fcd19ae8136e4d3a1\">\n#top .hr.hr-invisible.av-jh6ansqk-255482907f0beb2fcd19ae8136e4d3a1{\nheight:50px;\n}\n<\/style>\n<div  class='hr av-jh6ansqk-255482907f0beb2fcd19ae8136e4d3a1 hr-invisible  avia-builder-el-4  el_after_av_textblock  el_before_av_textblock '><span class='hr-inner '><span class=\"hr-inner-style\"><\/span><\/span><\/div>\n<section  class='av_textblock_section av-jh6ao5pu-71fcb3d7bf32a2de9366e537da2ed66b '   itemscope=\"itemscope\" itemtype=\"https:\/\/schema.org\/CreativeWork\" ><div class='avia_textblock'  itemprop=\"text\" >\n<pre><div class=\"wpgdprc\">\n<form class=\"wpgdprc-form wpgdprc-form--access-request\" name=\"wpgdprc_form\" method=\"POST\">\n\t<ul class=\"wpgdprc-form__fields\">\n\t\t\n<li class=\"wpgdprc-form__field\">\n\t<label for=\"wpgdprc-form__email\" class=\"screen-reader-text\">Your Email Address<\/label>\n\t<input type=\"email\" class=\"wpgdprc-form__input wpgdprc-form__input--email\" name=\"wpgdprc_email\" id=\"wpgdprc-form__email\" placeholder=\"Your Email Address\" required \/>\n<\/li>\n\t\t\n<li class=\"wpgdprc-form__field wpgdprc-form__field--checkbox\">\n\t<input class=\"wpgdprc-form__input wpgdprc-form__input--checkbox\" type=\"checkbox\" name=\"wpgdprc_consent\" id=\"wpgdprc-form__consent\" value=\"1\" required \/>\n\t<label class=\"wpgdprc-form__label\" for=\"wpgdprc-form__consent\"><\/label>\n<\/li>\n\t<\/ul>\n\t<div class=\"wpgdprc-form__footer\">\n\t\t\n<p class=\"wpgdprc-form__submit\">\n\t<input type=\"submit\" class=\"wpgdprc-form__input wpgdprc-form__input--submit\" name=\"wpgdprc_submit\" value=\"Send\" \/>\n<\/p>\n\t<\/div>\n\t<div class=\"wpgdprc-message\" style=\"display:none;\"><\/div>\n<\/form>\n<\/div><\/pre>\n<\/div><\/section>","protected":false},"excerpt":{"rendered":"","protected":false},"author":42,"featured_media":0,"parent":0,"menu_order":0,"comment_status":"closed","ping_status":"closed","template":"","meta":{"footnotes":""},"class_list":["post-2798","page","type-page","status-publish","hentry"],"yoast_head":"<!-- This site is optimized with the Yoast SEO plugin v27.2 - https:\/\/yoast.com\/product\/yoast-seo-wordpress\/ -->\n<title>Personnal data request - Domaine Saint Amant<\/title>\n<meta name=\"description\" content=\"Vous pouvez sur cette page nous faire une demande sur vos donn\u00e9es h\u00e9berg\u00e9es sur notre site.\" \/>\n<meta name=\"robots\" content=\"index, follow, max-snippet:-1, max-image-preview:large, max-video-preview:-1\" \/>\n<link rel=\"canonical\" href=\"https:\/\/www.domainesaintamant.com\/en\/demande-de-donnees-personnelles\/\" \/>\n<meta property=\"og:locale\" content=\"en_US\" \/>\n<meta property=\"og:type\" content=\"article\" \/>\n<meta property=\"og:title\" content=\"Personnal data request - Domaine Saint Amant\" \/>\n<meta property=\"og:description\" content=\"Vous pouvez sur cette page nous faire une demande sur vos donn\u00e9es h\u00e9berg\u00e9es sur notre site.\" \/>\n<meta property=\"og:url\" content=\"https:\/\/www.domainesaintamant.com\/en\/demande-de-donnees-personnelles\/\" \/>\n<meta property=\"og:site_name\" content=\"Domaine Saint Amant\" \/>\n<meta property=\"article:publisher\" content=\"https:\/\/www.facebook.com\/Domaine-Saint-Amant-177249508987422\/\" \/>\n<meta property=\"article:modified_time\" content=\"2025-11-05T14:23:38+00:00\" \/>\n<meta property=\"og:image\" content=\"https:\/\/www.domainesaintamant.com\/wp-content\/uploads\/domaine-saint-amant-accueil-reseaux-sociaux-web.jpg\" \/>\n\t<meta property=\"og:image:width\" content=\"1000\" \/>\n\t<meta property=\"og:image:height\" content=\"570\" \/>\n\t<meta property=\"og:image:type\" content=\"image\/jpeg\" \/>\n<meta name=\"twitter:card\" content=\"summary_large_image\" \/>\n<meta name=\"twitter:site\" content=\"@saint_amant\" \/>\n<meta name=\"twitter:label1\" content=\"Est. reading time\" \/>\n\t<meta name=\"twitter:data1\" content=\"4 minutes\" \/>\n<script type=\"application\/ld+json\" class=\"yoast-schema-graph\">{\"@context\":\"https:\/\/schema.org\",\"@graph\":[{\"@type\":\"WebPage\",\"@id\":\"https:\/\/www.domainesaintamant.com\/en\/demande-de-donnees-personnelles\/\",\"url\":\"https:\/\/www.domainesaintamant.com\/en\/demande-de-donnees-personnelles\/\",\"name\":\"Personnal data request - Domaine Saint Amant\",\"isPartOf\":{\"@id\":\"https:\/\/www.domainesaintamant.com\/en\/#website\"},\"datePublished\":\"2018-05-14T13:39:13+00:00\",\"dateModified\":\"2025-11-05T14:23:38+00:00\",\"description\":\"Vous pouvez sur cette page nous faire une demande sur vos donn\u00e9es h\u00e9berg\u00e9es sur notre site.\",\"breadcrumb\":{\"@id\":\"https:\/\/www.domainesaintamant.com\/en\/demande-de-donnees-personnelles\/#breadcrumb\"},\"inLanguage\":\"en-US\",\"potentialAction\":[{\"@type\":\"ReadAction\",\"target\":[\"https:\/\/www.domainesaintamant.com\/en\/demande-de-donnees-personnelles\/\"]}]},{\"@type\":\"BreadcrumbList\",\"@id\":\"https:\/\/www.domainesaintamant.com\/en\/demande-de-donnees-personnelles\/#breadcrumb\",\"itemListElement\":[{\"@type\":\"ListItem\",\"position\":1,\"name\":\"Accueil\",\"item\":\"https:\/\/www.domainesaintamant.com\/en\/accueil\/\"},{\"@type\":\"ListItem\",\"position\":2,\"name\":\"Personnal data request\"}]},{\"@type\":\"WebSite\",\"@id\":\"https:\/\/www.domainesaintamant.com\/en\/#website\",\"url\":\"https:\/\/www.domainesaintamant.com\/en\/\",\"name\":\"Domaine Saint Amant\",\"description\":\"\",\"potentialAction\":[{\"@type\":\"SearchAction\",\"target\":{\"@type\":\"EntryPoint\",\"urlTemplate\":\"https:\/\/www.domainesaintamant.com\/en\/?s={search_term_string}\"},\"query-input\":{\"@type\":\"PropertyValueSpecification\",\"valueRequired\":true,\"valueName\":\"search_term_string\"}}],\"inLanguage\":\"en-US\"}]}<\/script>\n<!-- \/ Yoast SEO plugin. -->","yoast_head_json":{"title":"Personnal data request - Domaine Saint Amant","description":"Vous pouvez sur cette page nous faire une demande sur vos donn\u00e9es h\u00e9berg\u00e9es sur notre site.","robots":{"index":"index","follow":"follow","max-snippet":"max-snippet:-1","max-image-preview":"max-image-preview:large","max-video-preview":"max-video-preview:-1"},"canonical":"https:\/\/www.domainesaintamant.com\/en\/demande-de-donnees-personnelles\/","og_locale":"en_US","og_type":"article","og_title":"Personnal data request - Domaine Saint Amant","og_description":"Vous pouvez sur cette page nous faire une demande sur vos donn\u00e9es h\u00e9berg\u00e9es sur notre site.","og_url":"https:\/\/www.domainesaintamant.com\/en\/demande-de-donnees-personnelles\/","og_site_name":"Domaine Saint Amant","article_publisher":"https:\/\/www.facebook.com\/Domaine-Saint-Amant-177249508987422\/","article_modified_time":"2025-11-05T14:23:38+00:00","og_image":[{"width":1000,"height":570,"url":"https:\/\/www.domainesaintamant.com\/wp-content\/uploads\/domaine-saint-amant-accueil-reseaux-sociaux-web.jpg","type":"image\/jpeg"}],"twitter_card":"summary_large_image","twitter_site":"@saint_amant","twitter_misc":{"Est. reading time":"4 minutes"},"schema":{"@context":"https:\/\/schema.org","@graph":[{"@type":"WebPage","@id":"https:\/\/www.domainesaintamant.com\/en\/demande-de-donnees-personnelles\/","url":"https:\/\/www.domainesaintamant.com\/en\/demande-de-donnees-personnelles\/","name":"Personnal data request - Domaine Saint Amant","isPartOf":{"@id":"https:\/\/www.domainesaintamant.com\/en\/#website"},"datePublished":"2018-05-14T13:39:13+00:00","dateModified":"2025-11-05T14:23:38+00:00","description":"Vous pouvez sur cette page nous faire une demande sur vos donn\u00e9es h\u00e9berg\u00e9es sur notre site.","breadcrumb":{"@id":"https:\/\/www.domainesaintamant.com\/en\/demande-de-donnees-personnelles\/#breadcrumb"},"inLanguage":"en-US","potentialAction":[{"@type":"ReadAction","target":["https:\/\/www.domainesaintamant.com\/en\/demande-de-donnees-personnelles\/"]}]},{"@type":"BreadcrumbList","@id":"https:\/\/www.domainesaintamant.com\/en\/demande-de-donnees-personnelles\/#breadcrumb","itemListElement":[{"@type":"ListItem","position":1,"name":"Accueil","item":"https:\/\/www.domainesaintamant.com\/en\/accueil\/"},{"@type":"ListItem","position":2,"name":"Personnal data request"}]},{"@type":"WebSite","@id":"https:\/\/www.domainesaintamant.com\/en\/#website","url":"https:\/\/www.domainesaintamant.com\/en\/","name":"Domaine Saint Amant","description":"","potentialAction":[{"@type":"SearchAction","target":{"@type":"EntryPoint","urlTemplate":"https:\/\/www.domainesaintamant.com\/en\/?s={search_term_string}"},"query-input":{"@type":"PropertyValueSpecification","valueRequired":true,"valueName":"search_term_string"}}],"inLanguage":"en-US"}]}},"_links":{"self":[{"href":"https:\/\/www.domainesaintamant.com\/en\/wp-json\/wp\/v2\/pages\/2798","targetHints":{"allow":["GET"]}}],"collection":[{"href":"https:\/\/www.domainesaintamant.com\/en\/wp-json\/wp\/v2\/pages"}],"about":[{"href":"https:\/\/www.domainesaintamant.com\/en\/wp-json\/wp\/v2\/types\/page"}],"author":[{"embeddable":true,"href":"https:\/\/www.domainesaintamant.com\/en\/wp-json\/wp\/v2\/users\/42"}],"replies":[{"embeddable":true,"href":"https:\/\/www.domainesaintamant.com\/en\/wp-json\/wp\/v2\/comments?post=2798"}],"version-history":[{"count":2,"href":"https:\/\/www.domainesaintamant.com\/en\/wp-json\/wp\/v2\/pages\/2798\/revisions"}],"predecessor-version":[{"id":11589,"href":"https:\/\/www.domainesaintamant.com\/en\/wp-json\/wp\/v2\/pages\/2798\/revisions\/11589"}],"wp:attachment":[{"href":"https:\/\/www.domainesaintamant.com\/en\/wp-json\/wp\/v2\/media?parent=2798"}],"curies":[{"name":"wp","href":"https:\/\/api.w.org\/{rel}","templated":true}]}}